{"id":268,"date":"2023-03-29T18:22:31","date_gmt":"2023-03-29T16:22:31","guid":{"rendered":"https:\/\/swiss-backlinks.ch\/?page_id=268"},"modified":"2023-11-12T18:04:47","modified_gmt":"2023-11-12T17:04:47","slug":"cgv","status":"publish","type":"page","link":"https:\/\/swiss-backlinks.ch\/de\/cgv\/","title":{"rendered":"AGB"},"content":{"rendered":"<h3>ARTIKEL 1: Gegenstand<\/h3>\n<p>Gegenstand dieser \"Allgemeinen Gesch\u00e4ftsbedingungen\" ist der rechtliche Rahmen f\u00fcr die Nutzung der Swiss-Backlinks-Website und ihrer Dienstleistungen. Dieser Vertrag wird abgeschlossen zwischen : Dem Betreiber der Website, im Folgenden \"die Webplattform\" genannt, Jeder nat\u00fcrlichen oder juristischen Person, die auf die Website und ihre Dienstleistungen zugreifen m\u00f6chte, im Folgenden \"der Nutzer\" genannt. Die allgemeinen Nutzungsbedingungen m\u00fcssen von jedem Nutzer akzeptiert werden, und sein Zugriff auf die Website gilt als Zustimmung zu diesen Bedingungen.<\/p>\n<h3>ARTIKEL 2: Zugang zu den Diensten<\/h3>\n<p>Der Nutzer der Website Swiss-Backlinks hat Zugang zu den folgenden Diensten: -Plattform, die das Netlinking erm\u00f6glicht Die Website und ihre verschiedenen Dienste k\u00f6nnen von der Webplattform insbesondere im Zuge von Wartungsarbeiten ohne Verpflichtung zur Vorank\u00fcndigung oder Begr\u00fcndung unterbrochen oder ausgesetzt werden.<\/p>\n<h3>ARTIKEL<strong> 3 &#8211;<\/strong> Bestellung<\/h3>\n<p align=\"justify\">Die Bestellung erfolgt durch den Nutzer online.<\/p>\n<p align=\"justify\">Vor jeder Best\u00e4tigung einer Bestellung akzeptiert der Nutzer ausdr\u00fccklich die vorliegenden AGB, indem er das K\u00e4stchen \"Ich best\u00e4tige, dass ich die gesamten Allgemeinen Gesch\u00e4ftsbedingungen der Swiss-Backlinks-Website gelesen habe und diese akzeptiere\" ankreuzt.<\/p>\n<p align=\"justify\">Der Nutzer erh\u00e4lt systematisch eine Best\u00e4tigung seiner Bestellung per E-Mail an die Adresse, die er zum Zeitpunkt der Bestellung angegeben hat. Diese E-Mail enth\u00e4lt insbesondere eine auf den Namen des Nutzers ausgestellte Rechnung (eine Zusammenfassung der charakteristischen Elemente der Bestellung).<\/p>\n<p align=\"justify\">Zur Verfolgung seiner Bestellung oder f\u00fcr eine eventuelle Beschwerde kann sich der Webmaster an den Kundendienst von Swiss-Backlinks unter der folgenden E-Mail-Adresse wenden: contact@swiss-backlinks.ch.<\/p>\n<p align=\"justify\">Swiss-Backlinks beh\u00e4lt sich das Recht vor, die Bestellung eines Nutzers abzulehnen, der die vorliegenden AGB nicht eingehalten hat oder mit dem es einen Streitfall im Zusammenhang mit der Ausf\u00fchrung oder Bezahlung einer fr\u00fcheren Bestellung gibt.<\/p>\n<h3>ARTIKEL&nbsp;<strong>4 - <\/strong>Preise und Bedingungen f\u00fcr die Ver\u00f6ffentlichung<\/h3>\n<p align=\"justify\">Sofern nicht anders angegeben, werden die Preise f\u00fcr die Dienstleistungen dem Nutzer in CHF inklusive aller Steuern (inkl. MwSt.) angezeigt. Die Mehrwertsteuer wird jedoch bei der Begleichung der Rechnung durch den Nutzer gezahlt.<\/p>\n<p align=\"justify\">F\u00fcr<strong>&nbsp;einen gesponserten Artikel ver\u00f6ffentlichen&nbsp;<\/strong>auf einer der Websites der Plattform, muss der Nutzer zuvor eines oder mehrere der auf Swiss-Backlinks angebotenen Angebote abonnieren.<\/p>\n<p align=\"justify\">Themen wie Casino, Pornografie und Sportwetten werden auf allen Websites auf Swiss-Backlinks.ch abgelehnt.<\/p>\n<h3>ARTIKEL<strong> 5 &#8211; <\/strong>Zahlungsmodalit\u00e4ten<\/h3>\n<p align=\"justify\">Die Bezahlung des Dienstes erfolgt per Paypal oder Kreditkarte.<\/p>\n<h3>ARTIKEL<strong> 6-<\/strong> Lieferung<\/h3>\n<p align=\"justify\">Die Artikel werden innerhalb der vorgegebenen Fristen ver\u00f6ffentlicht.<\/p>\n<h3>ARTIKEL 7: Geistiges Eigentum<\/h3>\n<p>Die Inhalte der Swiss-Backlinks-Website (Logos, Texte, grafische Elemente usw.) sind nach dem Gesetz \u00fcber das geistige Eigentum urheberrechtlich gesch\u00fctzt. Der Nutzer muss die Genehmigung der Webplattform einholen, bevor er diese verschiedenen Inhalte reproduziert, kopiert oder ver\u00f6ffentlicht. Diese d\u00fcrfen von den Nutzern f\u00fcr private Zwecke verwendet werden; jegliche kommerzielle Nutzung ist untersagt.<\/p>\n<h3>ARTIKEL 8: Pers\u00f6nliche Daten<\/h3>\n<p>Der Nutzer muss zwingend pers\u00f6nliche Informationen angeben, um sich auf der Website registrieren zu k\u00f6nnen. Die elektronische Adresse (E-Mail) des Nutzers kann von Swiss-Backlinks insbesondere f\u00fcr die \u00dcbermittlung verschiedener Informationen und die Verwaltung des Kontos verwendet werden. Swiss-Backlinks garantiert den Schutz der Privatsph\u00e4re des Nutzers, der ein Recht auf Zugang, Berichtigung, L\u00f6schung und Widerspruch seiner pers\u00f6nlichen Daten hat. Der Nutzer \u00fcbt dieses Recht aus \u00fcber: -Ein Kontaktformular ;<\/p>\n<h3>ARTIKEL 9: \u00c4nderung der Allgemeinen Gesch\u00e4ftsbedingungen<\/h3>\n<p>Die Swiss-Backlinks-Website beh\u00e4lt sich das Recht vor, die Klauseln dieser Allgemeinen Gesch\u00e4ftsbedingungen jederzeit und ohne Angabe von Gr\u00fcnden zu \u00e4ndern.<\/p>\n<h3>ARTIKEL 10: Anwendbares Recht und zust\u00e4ndige Gerichtsbarkeit<\/h3>\n<p>Dieser Vertrag unterliegt der schweizerischen Gesetzgebung. Im Falle einer nicht g\u00fctlich beigelegten Streitigkeit zwischen dem Nutzer und der Webplattform sind die Gerichte der Schweiz f\u00fcr die Beilegung der Streitigkeit zust\u00e4ndig.<\/p>","protected":false},"excerpt":{"rendered":"<p>ARTICLE 1 : Objet Les pr&eacute;sentes &laquo; conditions g&eacute;n&eacute;rales de vente &raquo; ont pour objet l&#8217;encadrement juridique de l&rsquo;utilisation du site Swiss-Backlinks et de ses services. Ce contrat est conclu entre : Le gestionnaire du site internet, ci-apr&egrave;s d&eacute;sign&eacute; &laquo; la plateforme web &raquo;, Toute personne physique ou morale souhaitant acc&eacute;der au site et &agrave; [&#8230;]\n","protected":false},"author":1,"featured_media":0,"parent":0,"menu_order":0,"comment_status":"closed","ping_status":"closed","template":"","meta":{"om_disable_all_campaigns":false,"footnotes":""},"class_list":["post-268","page","type-page","status-publish","hentry"],"aioseo_notices":[],"_links":{"self":[{"href":"https:\/\/swiss-backlinks.ch\/de\/wp-json\/wp\/v2\/pages\/268","targetHints":{"allow":["GET"]}}],"collection":[{"href":"https:\/\/swiss-backlinks.ch\/de\/wp-json\/wp\/v2\/pages"}],"about":[{"href":"https:\/\/swiss-backlinks.ch\/de\/wp-json\/wp\/v2\/types\/page"}],"author":[{"embeddable":true,"href":"https:\/\/swiss-backlinks.ch\/de\/wp-json\/wp\/v2\/users\/1"}],"replies":[{"embeddable":true,"href":"https:\/\/swiss-backlinks.ch\/de\/wp-json\/wp\/v2\/comments?post=268"}],"version-history":[{"count":5,"href":"https:\/\/swiss-backlinks.ch\/de\/wp-json\/wp\/v2\/pages\/268\/revisions"}],"predecessor-version":[{"id":455,"href":"https:\/\/swiss-backlinks.ch\/de\/wp-json\/wp\/v2\/pages\/268\/revisions\/455"}],"wp:attachment":[{"href":"https:\/\/swiss-backlinks.ch\/de\/wp-json\/wp\/v2\/media?parent=268"}],"curies":[{"name":"wp","href":"https:\/\/api.w.org\/{rel}","templated":true}]}}