{"id":3,"date":"2023-03-16T10:46:43","date_gmt":"2023-03-16T10:46:43","guid":{"rendered":"http:\/\/swiss-backlinks.ch\/?page_id=3"},"modified":"2023-03-29T18:21:16","modified_gmt":"2023-03-29T16:21:16","slug":"privacy-policy","status":"publish","type":"page","link":"https:\/\/swiss-backlinks.ch\/de\/privacy-policy\/","title":{"rendered":"Datenschutzrichtlinie"},"content":{"rendered":"<p><strong>Diese Datenschutzerkl\u00e4rung gilt f\u00fcr Swiss-Backlinks.<\/strong><\/p>\n\n\n\n<p>Die Bestimmungen dieser Datenschutzerkl\u00e4rung haben Vorrang bei Widerspr\u00fcchen jeglicher Art zwischen diesen und den anderen Vertragsbedingungen oder den allgemeinen Gesch\u00e4ftsbedingungen von  <strong>Swiss-Backlinks <\/strong>die im \u00dcbrigen anwendbar sind.<\/p>\n\n\n\n<p>Datenschutz ist Vertrauenssache, und Ihr Vertrauen ist uns wichtig. Wir respektieren Ihre Pers\u00f6nlichkeit und Ihre Privatsph\u00e4re. Ebenso sind wir bestrebt, den Schutz Ihrer pers\u00f6nlichen Daten und deren gesetzeskonforme Verarbeitung zu gew\u00e4hrleisten.<\/p>\n\n\n\n<p>Wir legen gro\u00dfen Wert darauf, Ihre Zustimmung zur Verarbeitung Ihrer pers\u00f6nlichen Daten zu erhalten. Mit dieser Datenschutzerkl\u00e4rung informieren wir Sie umfassend \u00fcber die Methoden, die wir in diesem Zusammenhang anwenden. Danach liegt es an Ihnen, zu entscheiden, ob Ihre Daten verarbeitet werden sollen oder nicht.<\/p>\n\n\n\n<p>Diese Datenschutzerkl\u00e4rung umfasst sowohl Informationen aus der Vergangenheit als auch aus der Zukunft. Wenn Sie sich mit der Verarbeitung Ihrer pers\u00f6nlichen Daten einverstanden erkl\u00e4ren, betrifft dies nicht nur Informationen, die wir in Zukunft erfassen werden, sondern auch solche, die bereits bei uns gespeichert sind.<\/p>\n\n\n\n<p>Wenn wir in dieser Datenschutzerkl\u00e4rung von der Verarbeitung Ihrer personenbezogenen Daten sprechen, meinen wir jeden Vorgang, der sich darauf bezieht. Zum Beispiel:<\/p>\n\n\n\n<ul class=\"wp-block-list\">\n<li>die Sammlung,<\/li>\n\n\n\n<li>die Speicherung,<\/li>\n\n\n\n<li>die Verwaltung,<\/li>\n\n\n\n<li>die Verwendung,<\/li>\n\n\n\n<li>die \u00dcbertragung,<\/li>\n\n\n\n<li>die Offenlegung oder<\/li>\n\n\n\n<li>die L\u00f6schung Ihrer pers\u00f6nlichen Daten.<\/li>\n<\/ul>\n\n\n\n<p>Wir erheben personenbezogene Daten, um unseren Kunden bessere Dienstleistungen anbieten zu k\u00f6nnen.  Solche verbesserten Dienstleistungen k\u00f6nnen unter anderem darin bestehen, dass wir die Kommunikation mit unseren Kunden personalisieren.<\/p>\n\n\n\n<p><strong>1. Wie sch\u00fctzen wir Ihre pers\u00f6nlichen Daten?<\/strong><\/p>\n\n\n\n<p>Wir verf\u00fcgen \u00fcber die technischen und organisatorischen Mittel, um die Sicherheit Ihrer personenbezogenen Daten zu gew\u00e4hrleisten. So sind wir in der Lage, Ihre Sitzungsdaten und pers\u00f6nlichen Daten vor dem Risiko einer unbefugten und unrechtm\u00e4\u00dfigen Verarbeitung und\/oder vor dem Risiko eines unbeabsichtigten Verlusts, einer Ver\u00e4nderung, einer Offenlegung oder einer Zugangser\u00f6ffnung zu sch\u00fctzen. Sie sollten sich jedoch bewusst sein, dass die \u00dcbertragung von Informationen \u00fcber das Internet und andere elektronische Medien gewisse Sicherheitsrisiken birgt und dass wir keine Garantie f\u00fcr die Sicherheit der \u00fcber diese Kan\u00e4le \u00fcbertragenen Informationen \u00fcbernehmen k\u00f6nnen.<\/p>\n\n\n\n<p><strong>2. Wie lange speichern wir die Daten?<\/strong><\/p>\n\n\n\n<p>Wir bewahren Ihre personenbezogenen Daten so lange auf, wie wir es f\u00fcr notwendig oder angemessen halten, um die Einhaltung der geltenden Gesetze zu gew\u00e4hrleisten, oder solange sie f\u00fcr die Zwecke, f\u00fcr die sie gesammelt wurden, notwendig sind. Wir l\u00f6schen Ihre personenbezogenen Daten, sobald sie nicht mehr ben\u00f6tigt werden und in jedem Fall nach Ablauf der gesetzlich vorgeschriebenen maximalen Aufbewahrungsfrist.<\/p>\n\n\n\n<p><strong>3. Welche Rechte haben Sie in Bezug auf Ihre pers\u00f6nlichen Daten?<\/strong><\/p>\n\n\n\n<p>Sie sind jederzeit berechtigt, Ihre datenschutzrechtlichen Anspr\u00fcche geltend zu machen. Insbesondere sind Sie berechtigt, Auskunft \u00fcber Ihre gespeicherten personenbezogenen Daten zu verlangen, diese berichtigen oder vervollst\u00e4ndigen zu lassen, der Verarbeitung zu widersprechen oder deren L\u00f6schung zu verlangen. Wir behalten uns die M\u00f6glichkeit vor, mit Ihnen auf elektronischem Wege (per E-Mail) \u00fcber die oben genannten Themen zu kommunizieren.<\/p>\n\n\n\n<p><strong>4. Wie k\u00f6nnen Sie mit uns Kontakt aufnehmen?<\/strong><\/p>\n\n\n\n<p>F\u00fcr den Fall, dass Sie Ihre Rechte in Bezug auf Ihre personenbezogenen Daten aus\u00fcben m\u00f6chten oder Fragen oder Bedenken bez\u00fcglich der Art und Weise haben, wie Ihre personenbezogenen Daten verarbeitet werden, k\u00f6nnen Sie sich wie folgt mit uns in Verbindung setzen: info@swiss-backlinks.ch. Wir werden uns bem\u00fchen, Ihre Fragen oder Bedenken unverz\u00fcglich zu beantworten.<\/p>\n\n\n\n<p><strong>5. Wer ist der Tr\u00e4ger der Datei mit den gesammelten Daten?<\/strong><\/p>\n\n\n\n<p>Wir sind gesetzlich verpflichtet, Ihnen den Namen des Tr\u00e4gers der Datei, die Ihre pers\u00f6nlichen Daten enth\u00e4lt, mitzuteilen. Es handelt sich dabei um <strong>Swiss-Backlinks<\/strong>.<\/p>\n\n\n\n<p><strong>6. Wann erfassen wir personenbezogene Daten?<\/strong><\/p>\n\n\n\n<p>Wir erfassen Ihre personenbezogenen Daten jedes Mal, wenn wir mit Ihnen in Kontakt treten. Es gibt viele Situationen, in denen wir mit Ihnen in Kontakt treten. Dies ist z. B. unter folgenden Umst\u00e4nden der Fall:<\/p>\n\n\n\n<ul class=\"wp-block-list\">\n<li>Sie kaufen unsere Dienstleistungen in unserem ;<\/li>\n\n\n\n<li>Sie beantragen eine Leistung unseres Kundenservice ;<\/li>\n\n\n\n<li>Sie erhalten einen Newsletter ;<\/li>\n<\/ul>\n\n\n\n<p><strong>7. Welche pers\u00f6nlichen Daten sammeln wir?<\/strong><\/p>\n\n\n\n<p>Auch die gesammelten personenbezogenen Daten sind vielf\u00e4ltig. Zum einen erheben wir die personenbezogenen Daten, die Sie uns zur Verf\u00fcgung stellen. Dabei handelt es sich zum einen um Daten, die Sie uns selbst zur Verf\u00fcgung stellen, und zum anderen um Daten, die automatisch oder manuell bei der Kontaktaufnahme mit uns erfasst werden. Dies ist bei den nachstehenden Daten der Fall.<\/p>\n\n\n\n<p><strong>Daten zur Person :<\/strong><\/p>\n\n\n\n<ul class=\"wp-block-list\">\n<li>Name und Vorname ;<\/li>\n\n\n\n<li>Rechnungsadresse ;<\/li>\n\n\n\n<li>Kreditkarten- und Kontoinformationen ;<\/li>\n\n\n\n<li>Sprachpr\u00e4ferenzen ;<\/li>\n\n\n\n<li>Telefonnummer(n) ;<\/li>\n\n\n\n<li>E-Mail-Adresse(n) ;<\/li>\n\n\n\n<li>Informationen \u00fcber das Abonnement von Newslettern ;<\/li>\n\n\n\n<li>Zustimmung zum Erhalt von Werbung ;<\/li>\n<\/ul>\n\n\n\n<p><strong>8. An wen geben wir Ihre personenbezogenen Daten weiter?<\/strong><\/p>\n\n\n\n<p>Ihre pers\u00f6nlichen Daten werden nur von den Mitarbeitern von<strong> Swiss-Backlinks<\/strong>.<\/p>\n\n\n\n<p><strong>10 Wie verwenden wir Cookies und \u00e4hnliche Technologien?<\/strong><\/p>\n\n\n\n<p>Wir verwenden auf unseren Websites Cookies oder andere \u00e4hnliche Technologien wie Pixel-Tags (zusammengefasst \".&nbsp;<strong>Cookies&nbsp;<\/strong>\"). Cookies sind kleine Dateien, die auf Ihrem Computer oder mobilen Ger\u00e4t gespeichert werden, wenn Sie unsere Website besuchen. Wir m\u00f6chten Sie auch im Folgenden umfassend \u00fcber unsere Verwendung von Cookies informieren.<\/p>\n\n\n\n<p><strong>11. Warum verwenden wir Cookies?<\/strong><\/p>\n\n\n\n<p>Cookies dienen dazu, die Funktionalit\u00e4t unserer Internetseite wie die Warenkorbfunktion zu gew\u00e4hrleisten. Dar\u00fcber hinaus verwenden wir Cookies, um unser Internetangebot auf Ihre W\u00fcnsche als Kunde abzustimmen und Ihnen ein H\u00f6chstma\u00df an Surfkomfort zu gew\u00e4hrleisten. Wir setzen Cookies auch ein, um unsere Werbung zu optimieren. Sie erm\u00f6glichen es uns, Ihnen spezifische Werbung und Dienstleistungen anzubieten, die aufgrund Ihrer Nutzung unserer Website Ihre besondere Aufmerksamkeit erregen. <\/p>\n\n\n\n<p><strong>12. Welche Daten werden in Cookies gespeichert?<\/strong><\/p>\n\n\n\n<p>In den von uns verwendeten Cookies werden keine personenbezogenen Daten gespeichert. Diese k\u00f6nnen keiner bestimmten Person zugeordnet werden. Bei der Aktivierung eines Cookies wird diesem eine Identifikationsnummer zugewiesen.<\/p>\n\n\n\n<p><strong>13. Wie k\u00f6nnen Sie das Speichern von Cookies verhindern?<\/strong><\/p>\n\n\n\n<p>Die meisten Internetbrowser akzeptieren Cookies automatisch. Sie k\u00f6nnen Ihren Browser jedoch anweisen, sie abzulehnen oder erst dann zu akzeptieren, wenn Sie gefragt wurden. Sie haben auch die M\u00f6glichkeit, auf Ihrem Computer oder tragbaren Ger\u00e4t gespeicherte Cookies zu l\u00f6schen, indem Sie die daf\u00fcr vorgesehene Funktion Ihres Browsers nutzen. Wenn Sie unsere Cookies oder die unserer Partnerunternehmen ablehnen, werden Sie einige Informationen auf unserer Webseite nicht sehen und einige Funktionen, die Ihnen das Surfen erleichtern sollen, nicht nutzen k\u00f6nnen.<\/p>\n\n\n\n<p><strong>14. Wie nutzen wir unsere Webanalyse-Tools?<\/strong><\/p>\n\n\n\n<p>Um unser Internetangebot stetig zu verbessern und zu optimieren, setzen wir sogenannte Tracking-Technologien ein. Dabei handelt es sich um Webanalysetools, die es erm\u00f6glichen, Statistiken und Grafiken zu erstellen, die Auskunft \u00fcber die Nutzung unserer Internetseite geben. Die Daten \u00fcber die Nutzung einer Internetseite werden an den daf\u00fcr verwendeten Server \u00fcbertragen. Je nach Anbieter des Webanalyse-Tools k\u00f6nnen sich diese Server im Ausland befinden. Bei dem am h\u00e4ufigsten verwendeten, n\u00e4mlich Google Analytics, werden die gespeicherten Daten zusammen mit der gek\u00fcrzten IP-Adresse \u00fcbertragen, so dass keine M\u00f6glichkeit besteht, einzelne Ger\u00e4te zu identifizieren. Google h\u00e4lt sich an die Datenschutzbestimmungen des \"Swiss-U.S. Privacy Shield Framework\"-Abkommens und ist beim \"Swiss-U.S. Privacy Shield\"-Programm des US-Handelsministeriums registriert (Informationen finden Sie hier :&nbsp;<a rel=\"noreferrer noopener\" href=\"https:\/\/www.privacyshield.gov\/Swiss-US-Privacy-Shield-FAQs\" target=\"_blank\">https:\/\/www.privacyshield.gov\/Swiss-US-Privacy-Shield-FAQs<\/a>). Die im Rahmen von Google Analytics von Ihrem Browser \u00fcbermittelte IP-Adresse wird nicht mit anderen Daten zusammengef\u00fchrt. Eine Weiterleitung der Daten durch Google an Dritte erfolgt nur aufgrund gesetzlicher Bestimmungen oder im Rahmen des Auftrags zur Datenverarbeitung.<\/p>\n\n\n\n<p>Sie k\u00f6nnen dar\u00fcber hinaus die Erfassung der durch das Cookie erzeugten und auf Ihre Nutzung der Website bezogenen Daten (inkl. Ihrer IP-Adresse) an Google sowie die Verarbeitung dieser Daten durch Google verhindern, indem sie das unter dem folgenden Link verf\u00fcgbare Browser-Plugin herunterladen und installieren (<a href=\"https:\/\/tools.google.com\/dlpage\/gaoptout\" target=\"_blank\" rel=\"noreferrer noopener\">http:\/\/tools.google.com\/dlpage\/gaoptout<\/a>). Weitere ausf\u00fchrliche Informationen zu Google Analytics und zum Datenschutz sind unter folgenden Adressen erh\u00e4ltlich:&nbsp;<a href=\"https:\/\/tools.google.com\/dlpage\/gaoptout\" target=\"_blank\" rel=\"noreferrer noopener\">http:\/\/tools.google.com\/dlpage\/gaoptout<\/a>&nbsp;und&nbsp;<a href=\"https:\/\/www.google.com\/intl\/de\/analytics\/privacyoverview.html\" target=\"_blank\" rel=\"noreferrer noopener\">http:\/\/www.google.com\/intl\/de\/analytics\/privacyoverview.html<\/a>.<\/p>\n\n\n\n<p> Cookies von Drittanbietern. Nach dieser Einstellung sendet der Browser keine Cookies an den Server, der Inhalte von anderen Anbietern einbindet. Dies kann dazu f\u00fchren, dass andere Funktionen unserer Website nicht mehr funktionieren.<\/p>","protected":false},"excerpt":{"rendered":"<p>La pr\u00e9sente d\u00e9claration de protection des donn\u00e9es vaut pour Swiss-Backlinks. Les dispositions de la pr\u00e9sente d\u00e9claration de protection des donn\u00e9es priment en cas de contradiction, de quelque nature qu\u2019elle soit, entre celles-ci et les autres conditions contractuelles ou les conditions g\u00e9n\u00e9rales de Swiss-Backlinks applicables pour le surplus. La protection des donn\u00e9es est une question de [&#8230;]\n","protected":false},"author":1,"featured_media":0,"parent":0,"menu_order":0,"comment_status":"closed","ping_status":"open","template":"","meta":{"om_disable_all_campaigns":false,"footnotes":""},"class_list":["post-3","page","type-page","status-publish","hentry"],"aioseo_notices":[],"_links":{"self":[{"href":"https:\/\/swiss-backlinks.ch\/de\/wp-json\/wp\/v2\/pages\/3","targetHints":{"allow":["GET"]}}],"collection":[{"href":"https:\/\/swiss-backlinks.ch\/de\/wp-json\/wp\/v2\/pages"}],"about":[{"href":"https:\/\/swiss-backlinks.ch\/de\/wp-json\/wp\/v2\/types\/page"}],"author":[{"embeddable":true,"href":"https:\/\/swiss-backlinks.ch\/de\/wp-json\/wp\/v2\/users\/1"}],"replies":[{"embeddable":true,"href":"https:\/\/swiss-backlinks.ch\/de\/wp-json\/wp\/v2\/comments?post=3"}],"version-history":[{"count":5,"href":"https:\/\/swiss-backlinks.ch\/de\/wp-json\/wp\/v2\/pages\/3\/revisions"}],"predecessor-version":[{"id":267,"href":"https:\/\/swiss-backlinks.ch\/de\/wp-json\/wp\/v2\/pages\/3\/revisions\/267"}],"wp:attachment":[{"href":"https:\/\/swiss-backlinks.ch\/de\/wp-json\/wp\/v2\/media?parent=3"}],"curies":[{"name":"wp","href":"https:\/\/api.w.org\/{rel}","templated":true}]}}